{"id":3143,"date":"2024-10-10T08:28:47","date_gmt":"2024-10-10T06:28:47","guid":{"rendered":"https:\/\/protect.be\/wat-doen-we\/"},"modified":"2025-02-18T13:33:40","modified_gmt":"2025-02-18T12:33:40","slug":"que-faisons-nous","status":"publish","type":"page","link":"https:\/\/protect.be\/fr\/a-propos-de-protect\/que-faisons-nous\/","title":{"rendered":"Que faisons-nous"},"content":{"rendered":"<div class=\"wpb-content-wrapper\"><p>[vc_section css=&#8221;.vc_custom_1733739905385{margin-bottom: 50px !important;background-image: url(https:\/\/protect.be\/wp-content\/uploads\/2024\/12\/Protect_30522_VM-1.NEF-84.jpg?id=1496) !important;background-position: center !important;background-repeat: no-repeat !important;background-size: cover !important;}&#8221;][vc_row el_class=&#8221;container&#8221;][vc_column][vc_column_text css=&#8221;&#8221;]<\/p>\n<h1>Que faisons-nous ?<\/h1>\n<p>[\/vc_column_text][\/vc_column][\/vc_row][\/vc_section][vc_section css=&#8221;.vc_custom_1727428310041{margin-bottom: 50px !important;}&#8221;][vc_row el_class=&#8221;container&#8221; css=&#8221;.vc_custom_1728541464019{margin-bottom: 50px !important;}&#8221;][vc_column width=&#8221;1\/2&#8243;][vc_column_text css=&#8221;&#8221;]<\/p>\n<h2>Que faisons-nous ?<\/h2>\n<p>PROTECT est aujourd&#8217;hui <strong>l&#8217;assureur professionnel sp\u00e9cialis\u00e9 pour les architectes et autres prestataires de services dans le domaine de la construction.<\/strong> En plus des assurances de responsabilit\u00e9 professionnelle, PROTECT propose une gamme d&#8217;assurances compl\u00e9mentaires adapt\u00e9es aux professionnels de la construction.<\/p>\n<p>Nous pensons qu&#8217;en tant que professionnel de la construction, vous devez pouvoir vous concentrer pleinement sur votre m\u00e9tier. En tant qu&#8217;assureur professionnel, <strong>notre mission est donc de vous d\u00e9charger<\/strong>. Nous y parvenons en vous offrant une<strong> bonne assurance professionnelle<\/strong> o\u00f9 vous b\u00e9n\u00e9ficiez d&#8217;un <strong>service professionnel personnalis\u00e9, centr\u00e9 sur la pr\u00e9vention<\/strong>.<\/p>\n<p>Gr\u00e2ce \u00e0 son expertise dans le secteur de la construction, PROTECT a \u00e9labor\u00e9 un certain nombre<strong>d&#8217;assurances de construction <\/strong>pour le <strong>ma\u00eetre d&#8217;ouvrage qui va construire ou r\u00e9nover.<\/strong>[\/vc_column_text][\/vc_column][vc_column width=&#8221;1\/2&#8243;][vc_single_image image=&#8221;1500&#8243; img_size=&#8221;full&#8221; style=&#8221;vc_box_rounded&#8221; css=&#8221;&#8221;][\/vc_column][\/vc_row][vc_row el_class=&#8221;container&#8221; css=&#8221;.vc_custom_1728541473936{margin-bottom: 50px !important;}&#8221;][vc_column width=&#8221;1\/3&#8243;][vc_column_text css=&#8221;&#8221;]<\/p>\n<h2>Sur quoi pouvez-vous compter en tant qu&#8217;assur\u00e9?<\/h2>\n<p>PROTECT est plus qu\u2019un assureur. Nous voulons apporter cette valeur ajout\u00e9e qui fait la diff\u00e9rence dans la fa\u00e7on dont vous exercez votre m\u00e9tier. Non seulement nous prot\u00e9geons nos assur\u00e9s, mais nous mettons aussi un point d\u2019honneur \u00e0 les soutenir. En plus de nos produits d&#8217;assurance d\u00e9velopp\u00e9s sur mesure, nous sommes les seuls, en Belgique, \u00e0 proposer une formule de services de qualit\u00e9 sup\u00e9rieure.[\/vc_column_text][\/vc_column][vc_column width=&#8221;1\/3&#8243;][vc_single_image image=&#8221;1216&#8243; img_size=&#8221;full&#8221; style=&#8221;vc_box_rounded&#8221; css=&#8221;&#8221;][\/vc_column][vc_column width=&#8221;1\/3&#8243;][vc_column_text css=&#8221;&#8221;]<\/p>\n<h2>Notre Mission<\/h2>\n<p><em>PROTECT s&#8217;engage \u00e0 un partenariat humain avec les professionnels de la construction afin de conseiller, d&#8217;assister et de prendre soin d&#8217;eux, de mani\u00e8re proactive et r\u00e9active, \u00e0 partir d&#8217;une expertise pertinente. Protect s&#8217;efforce ainsi d&#8217;\u00eatre la r\u00e9f\u00e9rence dans le secteur.<\/em><\/p>\n<h2>Notre Vision<\/h2>\n<p><em>PROTECT veut prot\u00e9ger les professionnels de la construction contre les risques associ\u00e9s \u00e0 leur profession.<\/em>[\/vc_column_text][\/vc_column][\/vc_row][vc_row el_class=&#8221;container&#8221; css=&#8221;.vc_custom_1728541464019{margin-bottom: 50px !important;}&#8221;][vc_column width=&#8221;1\/2&#8243;][vc_column_text css=&#8221;&#8221;]<\/p>\n<h3>Analyse de mat\u00e9rialit\u00e9<\/h3>\n<p>Les concepteurs sont sans aucun doute des pr\u00e9curseurs en mati\u00e8re de durabilit\u00e9 dans la construction. Ils con\u00e7oivent des b\u00e2timents durables et \u00e9conomes en \u00e9nergie, r\u00e9alis\u00e9s avec des mat\u00e9riaux durables et de plus en plus circulaires.<\/p>\n<p>Avec les crit\u00e8res environnementaux, sociaux et de gouvernance (ESG), l\u2019Europe entend int\u00e9grer les principes et normes de durabilit\u00e9 dans un monde entrepreneurial beaucoup plus large. PROTECT s\u2019est fix\u00e9 pour objectif de s\u2019engager \u00e0 d\u00e9velopper les principes et \u00e0 les int\u00e9grer dans sa gestion d\u2019entreprise.<\/p>\n<p>PROTECT a r\u00e9alis\u00e9 une analyse de mat\u00e9rialit\u00e9 avec tous les collaborateurs afin d\u2019identifier les principaux th\u00e8mes pour nos parties prenantes en mati\u00e8re de durabilit\u00e9. Le but est de faire correspondre nos objectifs et initiatives aux attentes et activit\u00e9s de nos parties prenantes. Le r\u00e9sultat de cette analyse est repr\u00e9sent\u00e9 dans l&#8217;image analyse de mat\u00e9rialit\u00e9. Ces r\u00e9sultats nous permettront d\u2019adapter notre strat\u00e9gie et nos actions en mati\u00e8re de durabilit\u00e9 et de mieux guider nos ambitions.[\/vc_column_text][\/vc_column][vc_column width=&#8221;1\/2&#8243;][vc_single_image image=&#8221;3337&#8243; img_size=&#8221;full&#8221; style=&#8221;vc_box_rounded&#8221; css=&#8221;&#8221;][\/vc_column][\/vc_row][vc_row el_class=&#8221;container&#8221; css=&#8221;.vc_custom_1728541473936{margin-bottom: 50px !important;}&#8221;][vc_column][vc_tta_accordion active_section=&#8221;0&#8243; collapsible_all=&#8221;true&#8221;][vc_tta_section title=&#8221;Nos valeurs&#8221; tab_id=&#8221;1728541595786-413bd0ce-8a50&#8243;][vc_column_text css=&#8221;&#8221;]<strong>Qualit\u00e9 et durabilit\u00e9 pour une relation \u00e0 long terme<\/strong><\/p>\n<p>Notre \u00e9quipe dynamique de 45 collaborateurs hautement qualifi\u00e9s, dont la moiti\u00e9 est compos\u00e9e d&#8217;ing\u00e9nieurs et de juristes, se concentre sur les mati\u00e8res relatives \u00e0 notre domaine de sp\u00e9cialisation, \u00e0 savoir la responsabilit\u00e9 professionnelle et la gestion des sinistres de la construction.<\/p>\n<p>En tant que PME familiale et ind\u00e9pendante &#8211; situation unique dans les compagnies d&#8217;assurances &#8211; nous visons la durabilit\u00e9 et une relation \u00e0 long terme.<\/p>\n<p>L&#8217;innovation et un bon rapport &#8216;qualit\u00e9\/prix&#8217;, font partie de notre mission et ne sont pas des slogans sans fondement. Au m\u00eame titre que notre implication et notre engagement.<\/p>\n<p><strong>Innovation permanente<\/strong><\/p>\n<p>PROTECT vous garantit de la qualit\u00e9 sur tous les plans. Vous le constaterez \u00e0 la fiabilit\u00e9 de nos polices mais aussi aux services personnalis\u00e9s de nos conseillers en assurances.<\/p>\n<p>PROTECT a une exp\u00e9rience depuis de nombreuses ann\u00e9es dans votre secteur et une connaissance approfondie de la technique des assurances.<\/p>\n<p>Ainsi, Protect contribue &#8211; en collaboration avec vous &#8211; \u00e0 votre s\u00e9curit\u00e9.<\/p>\n<p>De plus, Protect vous offre une protection et une aide compl\u00e9mentaire gr\u00e2ce \u00e0:<\/p>\n<p>\u2022 La pr\u00e9vention via notre propre service d&#8217;\u00e9tudes juridiques<br \/>\n\u2022 Nos experts internes qui r\u00e9agissent proactivement lors d&#8217;un nouveau sinistre potentiel<br \/>\n\u2022 La recherche, si possible, d&#8217;un r\u00e8glement \u00e0 l&#8217;amiable entre les parties lors d&#8217;un sinistre.<br \/>\n\u2022 Service et amabilit\u00e9 envers le client<br \/>\n\u2022 PROTECT vous offre une information compl\u00e8te.<br \/>\n\u2022 Gr\u00e2ce \u00e0 notre exp\u00e9rience de longue date dans le domaine de la construction, \u00e0 l&#8217;assistance personnalis\u00e9e d&#8217;un conseiller, \u00e0 notre site web r\u00e9guli\u00e8rement mis \u00e0 jour, aux sessions d&#8217;informations et aux bulletins trimestriels de Protect, nous vous tenons au courant de fa\u00e7on r\u00e9guli\u00e8re des derniers d\u00e9veloppements li\u00e9s \u00e0 votre profession.<\/p>\n<p>En tant qu&#8217;assureur sp\u00e9cialis\u00e9, nous d\u00e9fendons les int\u00e9r\u00eats de nos clients. Par l&#8217;interm\u00e9diaire de publications, de campagnes de sensibilisation, de s\u00e9minaires et de sessions de discussions, nous essayons d&#8217;aboutir \u00e0 des adaptations et des changements dans l&#8217;int\u00e9r\u00eat de nos assur\u00e9s: par exemple nos initiatives r\u00e9centes concernant la diminution des int\u00e9r\u00eats judiciaires, notre collaboration dans la cr\u00e9ation de la loi &#8216;Laruelle&#8217; et la reconnaissance des experts judiciaires. Nous militons \u00e9galement pour une assurance obligatoire pour tous les partenaires de la construction.[\/vc_column_text][\/vc_tta_section][\/vc_tta_accordion][\/vc_column][\/vc_row][vc_row disable_element=&#8221;yes&#8221; el_class=&#8221;container&#8221; css=&#8221;.vc_custom_1733477081219{margin-bottom: 50px !important;}&#8221;][vc_column width=&#8221;1\/2&#8243;][vc_column_text css=&#8221;&#8221;]<\/p>\n<h2>Lorem ipsum<\/h2>\n<p>Lorem ipsum dolor sit amet, consectetuer adipiscing elit, sed diam nonummy nibh euismod tincidunt ut laoreet dolore magna aliquam erat volutpat. Ut wisi enim ad minim veniam, quis nostrud exerci tation ullamcorper suscipit lobortis nisl ut aliquip ex ea commodo consequat. at volutpat. Ut wisi enim ad minim veniam, quis nostrud exerci tation ullamcorper suscipit lobortis nisl ut aliquip ex ea commodo consequat. Duis autem vel eum iriure dolor in hendrerit in vulputate velit esse molestie consequat[\/vc_column_text][\/vc_column][vc_column width=&#8221;1\/2&#8243;][vc_single_image image=&#8221;76&#8243; img_size=&#8221;full&#8221; style=&#8221;vc_box_rounded&#8221; css=&#8221;&#8221;][\/vc_column][\/vc_row][\/vc_section]<\/p>\n<\/div>","protected":false},"excerpt":{"rendered":"<p>[vc_section css=&#8221;.vc_custom_1733739905385{margin-bottom: 50px !important;background-image: url(https:\/\/protect.be\/wp-content\/uploads\/2024\/12\/Protect_30522_VM-1.NEF-84.jpg?id=1496) !important;background-position: center !important;background-repeat: no-repeat !important;background-size: cover !important;}&#8221;][vc_row el_class=&#8221;container&#8221;][vc_column][vc_column_text css=&#8221;&#8221;] Que faisons-nous ? [\/vc_column_text][\/vc_column][\/vc_row][\/vc_section][vc_section css=&#8221;.vc_custom_1727428310041{margin-bottom: 50px !important;}&#8221;][vc_row el_class=&#8221;container&#8221; css=&#8221;.vc_custom_1728541464019{margin-bottom: 50px !important;}&#8221;][vc_column width=&#8221;1\/2&#8243;][vc_column_text css=&#8221;&#8221;] Que faisons-nous ? PROTECT est aujourd&#8217;hui l&#8217;assureur professionnel sp\u00e9cialis\u00e9 pour les architectes et autres prestataires de services dans le domaine de la construction. En plus des assurances de [&hellip;]<\/p>\n","protected":false},"author":1,"featured_media":0,"parent":3284,"menu_order":0,"comment_status":"closed","ping_status":"closed","template":"","meta":{"_acf_changed":false,"inline_featured_image":false,"footnotes":""},"class_list":["post-3143","page","type-page","status-publish","hentry"],"acf":[],"_links":{"self":[{"href":"https:\/\/protect.be\/fr\/wp-json\/wp\/v2\/pages\/3143","targetHints":{"allow":["GET"]}}],"collection":[{"href":"https:\/\/protect.be\/fr\/wp-json\/wp\/v2\/pages"}],"about":[{"href":"https:\/\/protect.be\/fr\/wp-json\/wp\/v2\/types\/page"}],"author":[{"embeddable":true,"href":"https:\/\/protect.be\/fr\/wp-json\/wp\/v2\/users\/1"}],"replies":[{"embeddable":true,"href":"https:\/\/protect.be\/fr\/wp-json\/wp\/v2\/comments?post=3143"}],"version-history":[{"count":4,"href":"https:\/\/protect.be\/fr\/wp-json\/wp\/v2\/pages\/3143\/revisions"}],"predecessor-version":[{"id":3340,"href":"https:\/\/protect.be\/fr\/wp-json\/wp\/v2\/pages\/3143\/revisions\/3340"}],"up":[{"embeddable":true,"href":"https:\/\/protect.be\/fr\/wp-json\/wp\/v2\/pages\/3284"}],"wp:attachment":[{"href":"https:\/\/protect.be\/fr\/wp-json\/wp\/v2\/media?parent=3143"}],"curies":[{"name":"wp","href":"https:\/\/api.w.org\/{rel}","templated":true}]}}